{"id":2,"date":"2022-09-23T14:51:33","date_gmt":"2022-09-23T17:51:33","guid":{"rendered":"http:\/\/simental.tempero.com\/?page_id=2"},"modified":"2023-09-26T13:02:17","modified_gmt":"2023-09-26T13:02:17","slug":"29a-esposicao-nacional-das-racas-simental-e-simbrasil","status":"publish","type":"page","link":"https:\/\/simentalsimbrasil.org.br\/nacional2023\/","title":{"rendered":"30\u00aa Exposi\u00e7\u00e3o Nacional das Ra\u00e7as Simental e Simbrasil"},"content":{"rendered":"\n<h2 class=\"wp-block-heading\">save the date<\/h2>\n\n\n\n<h3 class=\"wp-block-heading\">24 a 27 de Outubro<\/h3>\n","protected":false},"excerpt":{"rendered":"<p>save the date 24 a 27 de Outubro<\/p>\n","protected":false},"author":1,"featured_media":16494,"parent":0,"menu_order":0,"comment_status":"closed","ping_status":"open","template":"","meta":{"footnotes":""},"_links":{"self":[{"href":"https:\/\/simentalsimbrasil.org.br\/nacional2023\/wp-json\/wp\/v2\/pages\/2"}],"collection":[{"href":"https:\/\/simentalsimbrasil.org.br\/nacional2023\/wp-json\/wp\/v2\/pages"}],"about":[{"href":"https:\/\/simentalsimbrasil.org.br\/nacional2023\/wp-json\/wp\/v2\/types\/page"}],"author":[{"embeddable":true,"href":"https:\/\/simentalsimbrasil.org.br\/nacional2023\/wp-json\/wp\/v2\/users\/1"}],"replies":[{"embeddable":true,"href":"https:\/\/simentalsimbrasil.org.br\/nacional2023\/wp-json\/wp\/v2\/comments?post=2"}],"version-history":[{"count":2,"href":"https:\/\/simentalsimbrasil.org.br\/nacional2023\/wp-json\/wp\/v2\/pages\/2\/revisions"}],"predecessor-version":[{"id":16490,"href":"https:\/\/simentalsimbrasil.org.br\/nacional2023\/wp-json\/wp\/v2\/pages\/2\/revisions\/16490"}],"wp:featuredmedia":[{"embeddable":true,"href":"https:\/\/simentalsimbrasil.org.br\/nacional2023\/wp-json\/wp\/v2\/media\/16494"}],"wp:attachment":[{"href":"https:\/\/simentalsimbrasil.org.br\/nacional2023\/wp-json\/wp\/v2\/media?parent=2"}],"curies":[{"name":"wp","href":"https:\/\/api.w.org\/{rel}","templated":true}]}}